{"id":8,"date":"2026-01-30T15:43:02","date_gmt":"2026-01-30T14:43:02","guid":{"rendered":"https:\/\/www.mmd25083.practicaunir.com\/?page_id=8"},"modified":"2026-02-09T05:56:53","modified_gmt":"2026-02-09T04:56:53","slug":"inicio","status":"publish","type":"page","link":"https:\/\/www.mmd25083.practicaunir.com\/","title":{"rendered":"Inicio"},"content":{"rendered":"\n<div class=\"wp-block-cover alignfull is-light has-custom-content-position is-position-top-left\" style=\"min-height:542px;aspect-ratio:unset;\"><span aria-hidden=\"true\" class=\"wp-block-cover__background has-ast-global-color-1-background-color has-background-dim\"><\/span><div class=\"wp-block-cover__inner-container is-layout-flow wp-block-cover-is-layout-flow\">\n<div class=\"inherit-container-width wp-block-group alignwide is-layout-constrained wp-block-group-is-layout-constrained\">\n<div class=\"wp-block-media-text alignwide has-media-on-the-right is-stacked-on-mobile is-vertically-aligned-center\" style=\"grid-template-columns:auto 32%\"><div class=\"wp-block-media-text__content\">\n<h1 class=\"wp-block-heading has-text-align-left has-ast-global-color-8-color has-text-color\" style=\"font-size:48px\">\u00a1Obt\u00e9n un 20% de descuento en tu \u00e1lbum personalizado!<\/h1>\n\n\n\n<p class=\"has-white-color has-text-color has-ast-global-color-8-color has-link-color wp-elements-c8b1bbb33d81c91207c5eceb48173be8\">Obt\u00e9n un descuento especial por San Valent\u00edn y sorprende a esa persona especial con un detalle que jam\u00e1s olvidar\u00e1. Aprovecha esta oferta por tiempo limitado.<\/p>\n\n\n\n<div class=\"wp-block-buttons is-layout-flex wp-block-buttons-is-layout-flex\">\n<div class=\"wp-block-button\"><a class=\"wp-block-button__link wp-element-button\" href=\"https:\/\/www.mmd25083.practicaunir.com\/?page_id=106\">\u00a1Crea tu \u00e1lbum ya!<\/a><\/div>\n<\/div>\n<\/div><figure class=\"wp-block-media-text__media\"><img decoding=\"async\" src=\"https:\/\/www.mmd25083.practicaunir.com\/wp-content\/themes\/astra\/inc\/assets\/images\/starter-content\/hero-img.svg\" alt=\"\" class=\"wp-image-118 size-full\"\/><\/figure><\/div>\n<\/div>\n<\/div><\/div>\n\n\n<div class=\" hurrytimer-campaign hurryt-loading hurrytimer-campaign-115\" data-config=\"{&quot;id&quot;:115,&quot;run_in_background&quot;:false,&quot;sticky&quot;:false,&quot;product_ids&quot;:[],&quot;actions&quot;:[{&quot;id&quot;:1,&quot;redirectUrl&quot;:&quot;&quot;,&quot;message&quot;:&quot;&quot;,&quot;coupon&quot;:&quot;&quot;,&quot;wcStockStatus&quot;:&quot;instock&quot;}],&quot;template&quot;:&quot;&lt;div class=\\&quot;hurrytimer-timer-block \\&quot;&gt;&lt;div class=\\&quot;hurrytimer-timer-digit \\&quot;&gt;%D&lt;\\\/div&gt;&lt;div class=\\&quot;hurrytimer-timer-label \\&quot; &gt;days&lt;\\\/div&gt;&lt;\\\/div&gt;&lt;div class=\\&quot; hurrytimer-timer-sep\\&quot;&gt;:&lt;\\\/div&gt;&lt;div class=\\&quot;hurrytimer-timer-block \\&quot;&gt;&lt;div class=\\&quot;hurrytimer-timer-digit \\&quot;&gt;%H&lt;\\\/div&gt;&lt;div class=\\&quot;hurrytimer-timer-label \\&quot; &gt;hrs&lt;\\\/div&gt;&lt;\\\/div&gt;&lt;div class=\\&quot; hurrytimer-timer-sep\\&quot;&gt;:&lt;\\\/div&gt;&lt;div class=\\&quot;hurrytimer-timer-block \\&quot;&gt;&lt;div class=\\&quot;hurrytimer-timer-digit \\&quot;&gt;%M&lt;\\\/div&gt;&lt;div class=\\&quot;hurrytimer-timer-label \\&quot; &gt;mins&lt;\\\/div&gt;&lt;\\\/div&gt;&lt;div class=\\&quot; hurrytimer-timer-sep\\&quot;&gt;:&lt;\\\/div&gt;&lt;div class=\\&quot;hurrytimer-timer-block \\&quot;&gt;&lt;div class=\\&quot;hurrytimer-timer-digit \\&quot;&gt;%S&lt;\\\/div&gt;&lt;div class=\\&quot;hurrytimer-timer-label \\&quot; &gt;secs&lt;\\\/div&gt;&lt;\\\/div&gt;&quot;,&quot;methods&quot;:[1,2],&quot;mode&quot;:&quot;one_time&quot;,&quot;sticky_bar_hide_timeout&quot;:7,&quot;recurr&quot;:false,&quot;timeToNextRecurrence&quot;:0,&quot;isRegular&quot;:true,&quot;endDate&quot;:1771023600000}\" ><div class=\" hurrytimer-headline\"><span style=\"color: #1e88e5\"><em><strong>DESCUENTO POR SAN VALENT\u00cdN<\/strong><\/em><\/span><\/div><div class=\" hurrytimer-timer\"><\/div><\/div>\n\n\n\n<div class=\"wp-block-group alignfull is-content-justification-center is-layout-constrained wp-container-core-group-is-layout-4fce8093 wp-block-group-is-layout-constrained\" id=\"services\" style=\"padding-top:144px;padding-bottom:0px\">\n<h2 class=\"wp-block-heading\">Nuestros Servicios<\/h2>\n\n\n\n<div class=\"wp-block-columns is-layout-flex wp-container-core-columns-is-layout-60cbf9bb wp-block-columns-is-layout-flex\" style=\"margin-top:50px\">\n<div class=\"wp-block-column is-layout-flow wp-container-core-column-is-layout-6b73ce23 wp-block-column-is-layout-flow\">\n<figure class=\"wp-block-image size-full\"><img loading=\"lazy\" decoding=\"async\" width=\"1024\" height=\"1536\" src=\"https:\/\/www.mmd25083.practicaunir.com\/wp-content\/uploads\/2026\/01\/ChatGPT-Image-Jan-30-2026-at-11_17_24-AM.png\" alt=\"\" class=\"wp-image-61\" srcset=\"https:\/\/www.mmd25083.practicaunir.com\/wp-content\/uploads\/2026\/01\/ChatGPT-Image-Jan-30-2026-at-11_17_24-AM.png 1024w, https:\/\/www.mmd25083.practicaunir.com\/wp-content\/uploads\/2026\/01\/ChatGPT-Image-Jan-30-2026-at-11_17_24-AM-200x300.png 200w, https:\/\/www.mmd25083.practicaunir.com\/wp-content\/uploads\/2026\/01\/ChatGPT-Image-Jan-30-2026-at-11_17_24-AM-683x1024.png 683w, https:\/\/www.mmd25083.practicaunir.com\/wp-content\/uploads\/2026\/01\/ChatGPT-Image-Jan-30-2026-at-11_17_24-AM-768x1152.png 768w\" sizes=\"auto, (max-width: 1024px) 100vw, 1024px\" \/><\/figure>\n\n\n\n<h3 class=\"wp-block-heading\" style=\"margin-top:16px\">Dise\u00f1o e impresi\u00f3n<\/h3>\n\n\n\n<p>Transformamos ideas en piezas gr\u00e1ficas de alta calidad. Acompa\u00f1amos cada proyecto desde el dise\u00f1o hasta la impresi\u00f3n final, cuidando cada detalle para que el resultado comunique, impacte y perdure.<\/p>\n<\/div>\n\n\n\n<div class=\"wp-block-column is-layout-flow wp-container-core-column-is-layout-6b73ce23 wp-block-column-is-layout-flow\">\n<figure class=\"wp-block-image size-full\"><img loading=\"lazy\" decoding=\"async\" width=\"1024\" height=\"1536\" src=\"https:\/\/www.mmd25083.practicaunir.com\/wp-content\/uploads\/2026\/01\/ChatGPT-Image-Jan-30-2026-at-11_21_16-AM.png\" alt=\"\" class=\"wp-image-62\" srcset=\"https:\/\/www.mmd25083.practicaunir.com\/wp-content\/uploads\/2026\/01\/ChatGPT-Image-Jan-30-2026-at-11_21_16-AM.png 1024w, https:\/\/www.mmd25083.practicaunir.com\/wp-content\/uploads\/2026\/01\/ChatGPT-Image-Jan-30-2026-at-11_21_16-AM-200x300.png 200w, https:\/\/www.mmd25083.practicaunir.com\/wp-content\/uploads\/2026\/01\/ChatGPT-Image-Jan-30-2026-at-11_21_16-AM-683x1024.png 683w, https:\/\/www.mmd25083.practicaunir.com\/wp-content\/uploads\/2026\/01\/ChatGPT-Image-Jan-30-2026-at-11_21_16-AM-768x1152.png 768w\" sizes=\"auto, (max-width: 1024px) 100vw, 1024px\" \/><\/figure>\n\n\n\n<h3 class=\"wp-block-heading\" style=\"margin-top:16px\">Souvenirs<\/h3>\n\n\n\n<p>Creamos souvenirs personalizados que cuentan historias y generan emoci\u00f3n. Cada producto es \u00fanico, pensado para conservar recuerdos especiales y convertirlos en objetos memorables.<\/p>\n<\/div>\n\n\n\n<div class=\"wp-block-column is-layout-flow wp-container-core-column-is-layout-6b73ce23 wp-block-column-is-layout-flow\">\n<figure class=\"wp-block-image size-full\"><img loading=\"lazy\" decoding=\"async\" width=\"1024\" height=\"1536\" src=\"https:\/\/www.mmd25083.practicaunir.com\/wp-content\/uploads\/2026\/01\/ChatGPT-Image-Jan-30-2026-at-11_23_00-AM.png\" alt=\"\" class=\"wp-image-63\" srcset=\"https:\/\/www.mmd25083.practicaunir.com\/wp-content\/uploads\/2026\/01\/ChatGPT-Image-Jan-30-2026-at-11_23_00-AM.png 1024w, https:\/\/www.mmd25083.practicaunir.com\/wp-content\/uploads\/2026\/01\/ChatGPT-Image-Jan-30-2026-at-11_23_00-AM-200x300.png 200w, https:\/\/www.mmd25083.practicaunir.com\/wp-content\/uploads\/2026\/01\/ChatGPT-Image-Jan-30-2026-at-11_23_00-AM-683x1024.png 683w, https:\/\/www.mmd25083.practicaunir.com\/wp-content\/uploads\/2026\/01\/ChatGPT-Image-Jan-30-2026-at-11_23_00-AM-768x1152.png 768w\" sizes=\"auto, (max-width: 1024px) 100vw, 1024px\" \/><\/figure>\n\n\n\n<h3 class=\"wp-block-heading\" style=\"margin-top:16px\">Marketing Digital<\/h3>\n\n\n\n<p>Impulsamos marcas en el entorno digital con estrategias claras y medibles. Dise\u00f1amos acciones de marketing digital enfocadas en visibilidad, engagement y resultados reales para tu negocio.<\/p>\n<\/div>\n<\/div>\n<\/div>\n\n\n\n<div class=\"wp-block-group alignfull has-ast-global-color-5-background-color has-background is-layout-constrained wp-container-core-group-is-layout-94d206d0 wp-block-group-is-layout-constrained\" id=\"about\" style=\"padding-top:143px;padding-bottom:144px\">\n<div class=\"wp-block-media-text has-media-on-the-right is-stacked-on-mobile is-vertically-aligned-center\"><div class=\"wp-block-media-text__content\">\n<div class=\"inherit-container-width wp-block-group is-layout-constrained wp-container-core-group-is-layout-47ce07ec wp-block-group-is-layout-constrained\" style=\"padding-right:80px\">\n<h2 class=\"wp-block-heading\" style=\"padding-right:40px;font-size:25px\">Transformamos sue\u00f1os en realidad<\/h2>\n\n\n\n<p>En Editorial L\u00f3pez creemos que cada proyecto es una oportunidad para comunicar, emocionar y dejar huella. Unimos creatividad, tecnolog\u00eda y experiencia para dar vida a ideas que merecen ser recordadas.<\/p>\n\n\n\n<p>Trabajamos de la mano con nuestros clientes, entendiendo sus necesidades y transform\u00e1ndolas en soluciones gr\u00e1ficas y digitales que generan valor, confianza y resultados duraderos.<\/p>\n<\/div>\n<\/div><figure class=\"wp-block-media-text__media\"><img loading=\"lazy\" decoding=\"async\" width=\"1024\" height=\"683\" src=\"https:\/\/www.mmd25083.practicaunir.com\/wp-content\/uploads\/2026\/01\/ChatGPT-Image-Jan-30-2026-at-11_28_08-AM-1024x683.png\" alt=\"\" class=\"wp-image-64 size-full\" srcset=\"https:\/\/www.mmd25083.practicaunir.com\/wp-content\/uploads\/2026\/01\/ChatGPT-Image-Jan-30-2026-at-11_28_08-AM-1024x683.png 1024w, https:\/\/www.mmd25083.practicaunir.com\/wp-content\/uploads\/2026\/01\/ChatGPT-Image-Jan-30-2026-at-11_28_08-AM-300x200.png 300w, https:\/\/www.mmd25083.practicaunir.com\/wp-content\/uploads\/2026\/01\/ChatGPT-Image-Jan-30-2026-at-11_28_08-AM-768x512.png 768w, https:\/\/www.mmd25083.practicaunir.com\/wp-content\/uploads\/2026\/01\/ChatGPT-Image-Jan-30-2026-at-11_28_08-AM.png 1536w\" sizes=\"auto, (max-width: 1024px) 100vw, 1024px\" \/><\/figure><\/div>\n<\/div>\n\n\n\n<div class=\"wp-block-group alignfull has-ast-global-color-4-background-color has-background is-layout-constrained wp-container-core-group-is-layout-6a2cfb7b wp-block-group-is-layout-constrained\" id=\"reviews\">\n<figure class=\"wp-block-image aligncenter size-full\"><img decoding=\"async\" src=\"https:\/\/www.mmd25083.practicaunir.com\/wp-content\/themes\/astra\/inc\/assets\/images\/starter-content\/avatar.png\" alt=\"\" class=\"wp-image-235\"\/><\/figure>\n\n\n\n<p class=\"has-text-align-center\" style=\"font-size:22px;line-height:1.6\">\u201cEl equipo de Editorial L\u00f3pez entendi\u00f3 exactamente lo que necesit\u00e1bamos. La calidad, el acompa\u00f1amiento y el resultado final superaron nuestras expectativas.\u201d<\/p>\n\n\n\n<p class=\"has-text-align-center\"><strong>Mario Andr\u00e9s G\u00f3mez<\/strong><\/p>\n<\/div>\n\n\n\n<div class=\"wp-block-group alignfull is-layout-constrained wp-container-core-group-is-layout-3fee123f wp-block-group-is-layout-constrained\" id=\"whyus\" style=\"padding-top:144px;padding-bottom:144px\">\n<h2 class=\"wp-block-heading\">\u00bfPor qu\u00e9 escogernos?<\/h2>\n\n\n\n<div class=\"wp-block-columns is-layout-flex wp-container-core-columns-is-layout-29aadeec wp-block-columns-is-layout-flex\" style=\"margin-top:60px\">\n<div class=\"wp-block-column is-layout-flow wp-container-core-column-is-layout-6b73ce23 wp-block-column-is-layout-flow\">\n<figure class=\"wp-block-image size-full is-resized\"><img loading=\"lazy\" decoding=\"async\" width=\"512\" height=\"512\" src=\"https:\/\/www.mmd25083.practicaunir.com\/wp-content\/uploads\/2026\/02\/cercano.png\" alt=\"\" class=\"wp-image-66\" style=\"width:80px;height:auto\" srcset=\"https:\/\/www.mmd25083.practicaunir.com\/wp-content\/uploads\/2026\/02\/cercano.png 512w, https:\/\/www.mmd25083.practicaunir.com\/wp-content\/uploads\/2026\/02\/cercano-300x300.png 300w, https:\/\/www.mmd25083.practicaunir.com\/wp-content\/uploads\/2026\/02\/cercano-150x150.png 150w\" sizes=\"auto, (max-width: 512px) 100vw, 512px\" \/><\/figure>\n\n\n\n<h3 class=\"wp-block-heading\" style=\"margin-top:16px\">Cercanos<\/h3>\n\n\n\n<p>Escuchamos, acompa\u00f1amos y asesoramos a nuestros clientes en cada etapa del proceso, construyendo relaciones basadas en confianza y comunicaci\u00f3n constante.<\/p>\n<\/div>\n\n\n\n<div class=\"wp-block-column is-layout-flow wp-container-core-column-is-layout-6b73ce23 wp-block-column-is-layout-flow\">\n<figure class=\"wp-block-image size-full is-resized\"><img loading=\"lazy\" decoding=\"async\" width=\"512\" height=\"512\" src=\"https:\/\/www.mmd25083.practicaunir.com\/wp-content\/uploads\/2026\/02\/rendimiento.png\" alt=\"\" class=\"wp-image-67\" style=\"width:86px;height:auto\" srcset=\"https:\/\/www.mmd25083.practicaunir.com\/wp-content\/uploads\/2026\/02\/rendimiento.png 512w, https:\/\/www.mmd25083.practicaunir.com\/wp-content\/uploads\/2026\/02\/rendimiento-300x300.png 300w, https:\/\/www.mmd25083.practicaunir.com\/wp-content\/uploads\/2026\/02\/rendimiento-150x150.png 150w\" sizes=\"auto, (max-width: 512px) 100vw, 512px\" \/><\/figure>\n\n\n\n<h3 class=\"wp-block-heading\" style=\"margin-top:16px\">Responsables<\/h3>\n\n\n\n<p>Cumplimos con los tiempos, cuidamos los detalles y asumimos cada proyecto con compromiso, garantizando resultados de calidad y procesos transparentes.<\/p>\n<\/div>\n\n\n\n<div class=\"wp-block-column is-layout-flow wp-container-core-column-is-layout-6b73ce23 wp-block-column-is-layout-flow\">\n<figure class=\"wp-block-image size-full is-resized\"><img loading=\"lazy\" decoding=\"async\" width=\"512\" height=\"512\" src=\"https:\/\/www.mmd25083.practicaunir.com\/wp-content\/uploads\/2026\/02\/el-pensamiento-de-diseno.png\" alt=\"\" class=\"wp-image-68\" style=\"width:84px;height:auto\" srcset=\"https:\/\/www.mmd25083.practicaunir.com\/wp-content\/uploads\/2026\/02\/el-pensamiento-de-diseno.png 512w, https:\/\/www.mmd25083.practicaunir.com\/wp-content\/uploads\/2026\/02\/el-pensamiento-de-diseno-300x300.png 300w, https:\/\/www.mmd25083.practicaunir.com\/wp-content\/uploads\/2026\/02\/el-pensamiento-de-diseno-150x150.png 150w\" sizes=\"auto, (max-width: 512px) 100vw, 512px\" \/><\/figure>\n\n\n\n<h3 class=\"wp-block-heading\" style=\"margin-top:16px\">Innovadores<\/h3>\n\n\n\n<p>Incorporamos nuevas tecnolog\u00edas, tendencias y herramientas digitales para ofrecer soluciones creativas, actuales y alineadas con las necesidades del mercado.<\/p>\n<\/div>\n<\/div>\n<\/div>\n\n\n\n<div class=\"wp-block-group alignfull has-background is-layout-constrained wp-container-core-group-is-layout-cfcca693 wp-block-group-is-layout-constrained\" id=\"contact\" style=\"background:linear-gradient(135deg,rgb(255,245,203) 0%,rgb(251,192,45) 51%,rgb(249,168,37) 100%);padding-top:104px;padding-bottom:104px\">\n<h2 class=\"wp-block-heading has-text-align-center has-ast-global-color-8-color has-text-color\">Cotiza tu producto o servicio<\/h2>\n\n\n\n<div class=\"wp-block-buttons alignwide is-horizontal is-content-justification-center is-layout-flex wp-container-core-buttons-is-layout-bba8380a wp-block-buttons-is-layout-flex\" style=\"margin-top:50px\">\n<div class=\"wp-block-button\"><a class=\"wp-block-button__link wp-element-button\" href=\"https:\/\/wa.link\/4s8ed6\">Aqu\u00ed<\/a><\/div>\n<\/div>\n<\/div>\n","protected":false},"excerpt":{"rendered":"<p>Nuestros Servicios Dise\u00f1o e impresi\u00f3n Transformamos ideas en piezas gr\u00e1ficas de alta calidad. Acompa\u00f1amos cada proyecto desde el dise\u00f1o hasta [&hellip;]<\/p>\n","protected":false},"author":1,"featured_media":0,"parent":0,"menu_order":0,"comment_status":"closed","ping_status":"closed","template":"","meta":{"site-sidebar-layout":"no-sidebar","site-content-layout":"plain-container","ast-site-content-layout":"default","site-content-style":"default","site-sidebar-style":"default","ast-global-header-display":"","ast-banner-title-visibility":"","ast-main-header-display":"","ast-hfb-above-header-display":"","ast-hfb-below-header-display":"","ast-hfb-mobile-header-display":"","site-post-title":"disabled","ast-breadcrumbs-content":"","ast-featured-img":"","footer-sml-layout":"","ast-disable-related-posts":"","theme-transparent-header-meta":"enabled","adv-header-id-meta":"","stick-header-meta":"","header-above-stick-meta":"","header-main-stick-meta":"","header-below-stick-meta":"","astra-migrate-meta-layouts":"default","ast-page-background-enabled":"default","ast-page-background-meta":{"desktop":{"background-color":"var(--ast-global-color-5)","background-image":"","background-repeat":"repeat","background-position":"center center","background-size":"auto","background-attachment":"scroll","background-type":"","background-media":"","overlay-type":"","overlay-color":"","overlay-opacity":"","overlay-gradient":""},"tablet":{"background-color":"","background-image":"","background-repeat":"repeat","background-position":"center center","background-size":"auto","background-attachment":"scroll","background-type":"","background-media":"","overlay-type":"","overlay-color":"","overlay-opacity":"","overlay-gradient":""},"mobile":{"background-color":"","background-image":"","background-repeat":"repeat","background-position":"center center","background-size":"auto","background-attachment":"scroll","background-type":"","background-media":"","overlay-type":"","overlay-color":"","overlay-opacity":"","overlay-gradient":""}},"ast-content-background-meta":{"desktop":{"background-color":"var(--ast-global-color-4)","background-image":"","background-repeat":"repeat","background-position":"center center","background-size":"auto","background-attachment":"scroll","background-type":"","background-media":"","overlay-type":"","overlay-color":"","overlay-opacity":"","overlay-gradient":""},"tablet":{"background-color":"var(--ast-global-color-4)","background-image":"","background-repeat":"repeat","background-position":"center center","background-size":"auto","background-attachment":"scroll","background-type":"","background-media":"","overlay-type":"","overlay-color":"","overlay-opacity":"","overlay-gradient":""},"mobile":{"background-color":"var(--ast-global-color-4)","background-image":"","background-repeat":"repeat","background-position":"center center","background-size":"auto","background-attachment":"scroll","background-type":"","background-media":"","overlay-type":"","overlay-color":"","overlay-opacity":"","overlay-gradient":""}},"footnotes":""},"class_list":["post-8","page","type-page","status-publish","hentry"],"_links":{"self":[{"href":"https:\/\/www.mmd25083.practicaunir.com\/index.php?rest_route=\/wp\/v2\/pages\/8","targetHints":{"allow":["GET"]}}],"collection":[{"href":"https:\/\/www.mmd25083.practicaunir.com\/index.php?rest_route=\/wp\/v2\/pages"}],"about":[{"href":"https:\/\/www.mmd25083.practicaunir.com\/index.php?rest_route=\/wp\/v2\/types\/page"}],"author":[{"embeddable":true,"href":"https:\/\/www.mmd25083.practicaunir.com\/index.php?rest_route=\/wp\/v2\/users\/1"}],"replies":[{"embeddable":true,"href":"https:\/\/www.mmd25083.practicaunir.com\/index.php?rest_route=%2Fwp%2Fv2%2Fcomments&post=8"}],"version-history":[{"count":21,"href":"https:\/\/www.mmd25083.practicaunir.com\/index.php?rest_route=\/wp\/v2\/pages\/8\/revisions"}],"predecessor-version":[{"id":117,"href":"https:\/\/www.mmd25083.practicaunir.com\/index.php?rest_route=\/wp\/v2\/pages\/8\/revisions\/117"}],"wp:attachment":[{"href":"https:\/\/www.mmd25083.practicaunir.com\/index.php?rest_route=%2Fwp%2Fv2%2Fmedia&parent=8"}],"curies":[{"name":"wp","href":"https:\/\/api.w.org\/{rel}","templated":true}]}}